{"id":2,"date":"2010-10-12T17:12:44","date_gmt":"2010-10-12T17:12:44","guid":{"rendered":"http:\/\/www.unicorsa.com.ar\/blog\/?page_id=2"},"modified":"2010-10-14T14:44:14","modified_gmt":"2010-10-14T14:44:14","slug":"acerca-de","status":"publish","type":"page","link":"https:\/\/www.unicorsa.com.ar\/blog\/acerca-de\/","title":{"rendered":"Acerca de"},"content":{"rendered":"<p>Con la intenci\u00f3n de hacerles llegar nuestras novedades y temas de inter\u00e9s, hemos desarrollado este blog. Donde tambi\u00e9n se podr\u00e1 generar un espacio de discusi\u00f3n sobre los mismos.<\/p>\n","protected":false},"excerpt":{"rendered":"<p>Con la intenci\u00f3n de hacerles llegar nuestras novedades y temas de inter\u00e9s, hemos desarrollado este blog. Donde tambi\u00e9n se podr\u00e1 generar un espacio de discusi\u00f3n sobre los mismos.<\/p>\n","protected":false},"author":1,"featured_media":0,"parent":0,"menu_order":0,"comment_status":"closed","ping_status":"open","template":"","meta":{"inline_featured_image":false},"acf":[],"_links":{"self":[{"href":"https:\/\/www.unicorsa.com.ar\/blog\/wp-json\/wp\/v2\/pages\/2"}],"collection":[{"href":"https:\/\/www.unicorsa.com.ar\/blog\/wp-json\/wp\/v2\/pages"}],"about":[{"href":"https:\/\/www.unicorsa.com.ar\/blog\/wp-json\/wp\/v2\/types\/page"}],"author":[{"embeddable":true,"href":"https:\/\/www.unicorsa.com.ar\/blog\/wp-json\/wp\/v2\/users\/1"}],"replies":[{"embeddable":true,"href":"https:\/\/www.unicorsa.com.ar\/blog\/wp-json\/wp\/v2\/comments?post=2"}],"version-history":[{"count":2,"href":"https:\/\/www.unicorsa.com.ar\/blog\/wp-json\/wp\/v2\/pages\/2\/revisions"}],"predecessor-version":[{"id":9,"href":"https:\/\/www.unicorsa.com.ar\/blog\/wp-json\/wp\/v2\/pages\/2\/revisions\/9"}],"wp:attachment":[{"href":"https:\/\/www.unicorsa.com.ar\/blog\/wp-json\/wp\/v2\/media?parent=2"}],"curies":[{"name":"wp","href":"https:\/\/api.w.org\/{rel}","templated":true}]}}